{"id":1062,"date":"2024-08-23T10:30:27","date_gmt":"2024-08-23T08:30:27","guid":{"rendered":"https:\/\/www.musterhaus-aktuell.de\/?page_id=1062"},"modified":"2024-11-13T14:09:48","modified_gmt":"2024-11-13T13:09:48","slug":"landhaus-grunewald","status":"publish","type":"page","link":"https:\/\/www.musterhaus-aktuell.de\/?page_id=1062","title":{"rendered":"Stilvolles Landhaus"},"content":{"rendered":"<p>[et_pb_section fb_built=&#8220;1&#8243; fullwidth=&#8220;on&#8220; _builder_version=&#8220;4.24.3&#8243; _module_preset=&#8220;default&#8220; background_enable_color=&#8220;off&#8220; custom_margin=&#8220;||||false|false&#8220; bottom_divider_style=&#8220;arrow3&#8243; bottom_divider_color=&#8220;#FFFFFF&#8220; bottom_divider_height=&#8220;95px&#8220; global_colors_info=&#8220;{}&#8220;][et_pb_fullwidth_slider show_arrows=&#8220;off&#8220; show_pagination=&#8220;off&#8220; use_bg_overlay=&#8220;off&#8220; use_text_overlay=&#8220;off&#8220; _builder_version=&#8220;4.27.0&#8243; _module_preset=&#8220;default&#8220; header_text_color=&#8220;#ad0876&#8243; body_text_color=&#8220;#ad0876&#8243; body_font_size=&#8220;46px&#8220; body_line_height=&#8220;1.5em&#8220; background_color=&#8220;#FFFFFF&#8220; background_enable_image=&#8220;off&#8220; background_blend=&#8220;lighten&#8220; background_video_mp4=&#8220;https:\/\/www.musterhaus-aktuell.de\/wp-content\/uploads\/2024\/09\/vid.mp4&#8243; background_video_webm=&#8220;https:\/\/www.musterhaus-aktuell.de\/wp-content\/uploads\/2024\/09\/Background-Video-KHD.webm&#8220; custom_button=&#8220;on&#8220; button_text_color=&#8220;#ad0876&#8243; button_font=&#8220;|700|||||||&#8220; min_height=&#8220;388px&#8220; min_height_tablet=&#8220;305px&#8220; min_height_phone=&#8220;293px&#8220; min_height_last_edited=&#8220;on|phone&#8220; height=&#8220;684px&#8220; height_tablet=&#8220;402px&#8220; height_phone=&#8220;460px&#8220; height_last_edited=&#8220;on|phone&#8220; max_height=&#8220;793px&#8220; max_height_tablet=&#8220;648px&#8220; max_height_phone=&#8220;721px&#8220; max_height_last_edited=&#8220;on|tablet&#8220; custom_padding=&#8220;85px||124px||false|false&#8220; animation_style=&#8220;slide&#8220; animation_duration=&#8220;350ms&#8220; auto=&#8220;on&#8220; hover_transition_duration=&#8220;200ms&#8220; header_font_size_tablet=&#8220;&#8220; header_font_size_phone=&#8220;23px&#8220; header_font_size_last_edited=&#8220;on|phone&#8220; body_font_size_tablet=&#8220;46px&#8220; body_font_size_phone=&#8220;7px&#8220; body_font_size_last_edited=&#8220;on|desktop&#8220; background_last_edited=&#8220;on|tablet&#8220; global_module=&#8220;713&#8243; saved_tabs=&#8220;all&#8220; global_colors_info=&#8220;{}&#8220;][et_pb_slide heading=&#8220;K\u00f6nigslutter-Haus-Design&#8220; button_text=&#8220;Kontakt&#8220; button_link=&#8220;@ET-DC@eyJkeW5hbWljIjp0cnVlLCJjb250ZW50IjoicG9zdF9saW5rX3VybF9wYWdlIiwic2V0dGluZ3MiOnsicG9zdF9pZCI6IjczNSJ9fQ==@&#8220; use_bg_overlay=&#8220;on&#8220; bg_overlay_color=&#8220;rgba(255,255,255,0.43)&#8220; _builder_version=&#8220;4.27.0&#8243; _dynamic_attributes=&#8220;button_link&#8220; _module_preset=&#8220;default&#8220; header_level=&#8220;h1&#8243; header_font=&#8220;||||||||&#8220; header_text_color=&#8220;#ad4582&#8243; header_font_size=&#8220;68px&#8220; body_text_color=&#8220;#000000&#8243; body_font_size=&#8220;22px&#8220; body_line_height=&#8220;2em&#8220; background_enable_color=&#8220;off&#8220; background_enable_image=&#8220;off&#8220; background_video_mp4=&#8220;https:\/\/www.musterhaus-aktuell.de\/wp-content\/uploads\/2024\/09\/VidKHDcropped.mp4&#8243; background_enable_video_mp4=&#8220;on&#8220; background_video_webm=&#8220;https:\/\/www.musterhaus-aktuell.de\/wp-content\/uploads\/2024\/09\/Background-Video-KHD.webm&#8220; background_enable_video_webm=&#8220;on&#8220; background_video_pause_outside_viewport=&#8220;off&#8220; custom_button=&#8220;on&#8220; button_border_color=&#8220;#ad4582&#8243; header_font_size_tablet=&#8220;44px&#8220; header_font_size_phone=&#8220;24px&#8220; header_font_size_last_edited=&#8220;on|phone&#8220; body_font_size_tablet=&#8220;18px&#8220; body_font_size_phone=&#8220;16px&#8220; body_font_size_last_edited=&#8220;on|phone&#8220; background_last_edited=&#8220;on|phone&#8220; background_image_tablet=&#8220;https:\/\/www.musterhaus-aktuell.de\/wp-content\/uploads\/2024\/09\/VideoBack.jpg&#8220; background_enable_image_tablet=&#8220;on&#8220; background_enable_image_phone=&#8220;off&#8220; background_video_mp4_tablet=&#8220;https:\/\/www.musterhaus-aktuell.de\/wp-content\/uploads\/2024\/09\/VidKHDcropped.mp4&#8243; background_video_mp4_phone=&#8220;https:\/\/www.musterhaus-aktuell.de\/wp-content\/uploads\/2024\/09\/VidKHDcropped.mp4&#8243; background_enable_video_mp4_tablet=&#8220;on&#8220; background_enable_video_mp4_phone=&#8220;on&#8220; background_enable_video_webm_tablet=&#8220;off&#8220; background_enable_video_webm_phone=&#8220;off&#8220; global_colors_info=&#8220;{}&#8220; sticky_transition=&#8220;on&#8220;]<\/p>\n<p>Wir sind ein starkes Planungsb\u00fcro aus K\u00f6nigslutter am Elm, dessen Schwerpunkt auf der Erlangung von Baugenehmigungen f\u00fcr den Neubau von Einfamilienh\u00e4usern bis hin zu Mehrfamilienh\u00e4usern, Sanierung und Energieberatung liegt.<\/p>\n<p>[\/et_pb_slide][\/et_pb_fullwidth_slider][\/et_pb_section][et_pb_section fb_built=&#8220;1&#8243; module_id=&#8220;content&#8220; _builder_version=&#8220;4.25.2&#8243; _module_preset=&#8220;default&#8220; min_height=&#8220;389.7px&#8220; custom_padding=&#8220;26px||15px|||&#8220; top_divider_color=&#8220;#ad3e82&#8243; top_divider_height=&#8220;39px&#8220; bottom_divider_height=&#8220;37px&#8220; global_colors_info=&#8220;{}&#8220;][et_pb_row _builder_version=&#8220;4.24.0&#8243; _module_preset=&#8220;default&#8220; global_colors_info=&#8220;{}&#8220;][et_pb_column type=&#8220;4_4&#8243; _builder_version=&#8220;4.24.0&#8243; _module_preset=&#8220;default&#8220; global_colors_info=&#8220;{}&#8220;][et_pb_heading title=&#8220;Stilvolles Landhaus&#8220; _builder_version=&#8220;4.27.0&#8243; _module_preset=&#8220;default&#8220; title_level=&#8220;h2&#8243; title_font=&#8220;||||||||&#8220; title_font_size=&#8220;44px&#8220; title_letter_spacing=&#8220;1px&#8220; hover_enabled=&#8220;0&#8243; global_colors_info=&#8220;{}&#8220; sticky_enabled=&#8220;0&#8243;][\/et_pb_heading][\/et_pb_column][\/et_pb_row][et_pb_row _builder_version=&#8220;4.27.0&#8243; _module_preset=&#8220;default&#8220; custom_padding=&#8220;3px||22px|||&#8220; global_colors_info=&#8220;{}&#8220;][et_pb_column type=&#8220;4_4&#8243; _builder_version=&#8220;4.27.0&#8243; _module_preset=&#8220;default&#8220; global_colors_info=&#8220;{}&#8220;][et_pb_text _builder_version=&#8220;4.27.0&#8243; _module_preset=&#8220;default&#8220; text_text_color=&#8220;#000000&#8243; text_font_size=&#8220;21px&#8220; custom_margin=&#8220;-19px|||||&#8220; global_colors_info=&#8220;{}&#8220;]<\/p>\n<p><strong>165m\u00b2, 4 Zimmer<\/strong><\/p>\n<p>[\/et_pb_text][\/et_pb_column][\/et_pb_row][et_pb_row _builder_version=&#8220;4.27.0&#8243; _module_preset=&#8220;default&#8220; custom_padding=&#8220;3px||22px|||&#8220; global_colors_info=&#8220;{}&#8220;][et_pb_column type=&#8220;4_4&#8243; _builder_version=&#8220;4.27.0&#8243; _module_preset=&#8220;default&#8220; global_colors_info=&#8220;{}&#8220;][et_pb_gallery gallery_ids=&#8220;959,1073,1074,1117,1118,1119,1120,1121,1122&#8243; fullwidth=&#8220;on&#8220; module_class=&#8220;bb-gallery-slider&#8220; _builder_version=&#8220;4.27.0&#8243; _module_preset=&#8220;default&#8220; custom_margin=&#8220;||39px|||&#8220; animation_style=&#8220;fold&#8220; auto=&#8220;on&#8220; auto_speed=&#8220;4000&#8243; custom_css_free_form=&#8220;.et-pb-slider-arrows a {||    color: #ad0876 !important; \/* Ersetze #ff0000 durch deine gew\u00fcnschte Farbe *\/||}||||\/* \u00c4ndere die Farbe der Slider-Pfeile *\/||.et-pb-slider-arrows a {||    color: #ad0876 !important; \/* Farbe der Pfeile *\/||}||||.et-pb-slider-arrows a:hover {||    color: #ad0876 !important; \/* Farbe der Pfeile beim Hover *\/||}||||\/* \u00c4ndere die Farbe und Gr\u00f6\u00dfe der Navigations-Dots *\/||.et-pb-controllers a {||    background-color: #ad0876 !important; \/* Farbe der Dots *\/||    width: 16px; \/* Breite der Dots *\/||    height: 16px; \/* H\u00f6he der Dots *\/||    border-radius: 50%; \/* Rundung der Dots *\/||}||||.et-pb-controllers a.et-pb-active-control {||    background-color: #ad0876 !important; \/* Farbe des aktiven Dots *\/||    width: 20px; \/* Breite des aktiven Dots *\/||    height: 20px; \/* H\u00f6he des aktiven Dots *\/||}||||&#8220; global_colors_info=&#8220;{}&#8220;][\/et_pb_gallery][\/et_pb_column][\/et_pb_row][\/et_pb_section]<\/p>\n","protected":false},"excerpt":{"rendered":"<p>Wir sind ein starkes Planungsb\u00fcro aus K\u00f6nigslutter am Elm, dessen Schwerpunkt auf der Erlangung von Baugenehmigungen f\u00fcr den Neubau von Einfamilienh\u00e4usern bis hin zu Mehrfamilienh\u00e4usern, Sanierung und Energieberatung liegt.165m\u00b2, 4 Zimmer<\/p>\n","protected":false},"author":1,"featured_media":0,"parent":0,"menu_order":0,"comment_status":"closed","ping_status":"closed","template":"","meta":{"_et_pb_use_builder":"on","_et_pb_old_content":"","_et_gb_content_width":"","footnotes":""},"class_list":["post-1062","page","type-page","status-publish","hentry"],"_links":{"self":[{"href":"https:\/\/www.musterhaus-aktuell.de\/index.php?rest_route=\/wp\/v2\/pages\/1062"}],"collection":[{"href":"https:\/\/www.musterhaus-aktuell.de\/index.php?rest_route=\/wp\/v2\/pages"}],"about":[{"href":"https:\/\/www.musterhaus-aktuell.de\/index.php?rest_route=\/wp\/v2\/types\/page"}],"author":[{"embeddable":true,"href":"https:\/\/www.musterhaus-aktuell.de\/index.php?rest_route=\/wp\/v2\/users\/1"}],"replies":[{"embeddable":true,"href":"https:\/\/www.musterhaus-aktuell.de\/index.php?rest_route=%2Fwp%2Fv2%2Fcomments&post=1062"}],"version-history":[{"count":7,"href":"https:\/\/www.musterhaus-aktuell.de\/index.php?rest_route=\/wp\/v2\/pages\/1062\/revisions"}],"predecessor-version":[{"id":1348,"href":"https:\/\/www.musterhaus-aktuell.de\/index.php?rest_route=\/wp\/v2\/pages\/1062\/revisions\/1348"}],"wp:attachment":[{"href":"https:\/\/www.musterhaus-aktuell.de\/index.php?rest_route=%2Fwp%2Fv2%2Fmedia&parent=1062"}],"curies":[{"name":"wp","href":"https:\/\/api.w.org\/{rel}","templated":true}]}}