{"id":605,"date":"2024-04-26T11:48:19","date_gmt":"2024-04-26T09:48:19","guid":{"rendered":"https:\/\/www.musterhaus-aktuell.de\/?page_id=605"},"modified":"2024-09-12T23:16:47","modified_gmt":"2024-09-12T21:16:47","slug":"impressum","status":"publish","type":"page","link":"https:\/\/www.musterhaus-aktuell.de\/?page_id=605","title":{"rendered":"Impressum"},"content":{"rendered":"<p>[et_pb_section fb_built=&#8220;1&#8243; fullwidth=&#8220;on&#8220; _builder_version=&#8220;4.24.3&#8243; _module_preset=&#8220;default&#8220; background_enable_color=&#8220;off&#8220; custom_margin=&#8220;||||false|false&#8220; bottom_divider_style=&#8220;arrow3&#8243; bottom_divider_color=&#8220;#FFFFFF&#8220; bottom_divider_height=&#8220;95px&#8220; global_module=&#8220;1280&#8243; global_colors_info=&#8220;{}&#8220;][et_pb_fullwidth_slider show_arrows=&#8220;off&#8220; show_pagination=&#8220;off&#8220; use_bg_overlay=&#8220;off&#8220; use_text_overlay=&#8220;off&#8220; _builder_version=&#8220;4.27.0&#8243; _module_preset=&#8220;default&#8220; header_text_color=&#8220;#ad0876&#8243; body_text_color=&#8220;#ad0876&#8243; body_font_size=&#8220;46px&#8220; body_line_height=&#8220;1.5em&#8220; background_color=&#8220;#FFFFFF&#8220; background_enable_image=&#8220;off&#8220; background_blend=&#8220;lighten&#8220; background_video_mp4=&#8220;https:\/\/www.musterhaus-aktuell.de\/wp-content\/uploads\/2024\/09\/vid.mp4&#8243; background_video_webm=&#8220;https:\/\/www.musterhaus-aktuell.de\/wp-content\/uploads\/2024\/09\/Background-Video-KHD.webm&#8220; custom_button=&#8220;on&#8220; button_text_color=&#8220;#ad0876&#8243; button_font=&#8220;|700|||||||&#8220; min_height=&#8220;388px&#8220; min_height_tablet=&#8220;305px&#8220; min_height_phone=&#8220;293px&#8220; min_height_last_edited=&#8220;on|phone&#8220; height=&#8220;684px&#8220; height_tablet=&#8220;402px&#8220; height_phone=&#8220;460px&#8220; height_last_edited=&#8220;on|phone&#8220; max_height=&#8220;793px&#8220; max_height_tablet=&#8220;648px&#8220; max_height_phone=&#8220;721px&#8220; max_height_last_edited=&#8220;on|tablet&#8220; custom_padding=&#8220;85px||124px||false|false&#8220; animation_style=&#8220;slide&#8220; animation_duration=&#8220;350ms&#8220; auto=&#8220;on&#8220; hover_transition_duration=&#8220;200ms&#8220; hover_enabled=&#8220;0&#8243; header_font_size_tablet=&#8220;&#8220; header_font_size_phone=&#8220;23px&#8220; header_font_size_last_edited=&#8220;on|phone&#8220; body_font_size_tablet=&#8220;46px&#8220; body_font_size_phone=&#8220;7px&#8220; body_font_size_last_edited=&#8220;on|desktop&#8220; background_last_edited=&#8220;on|tablet&#8220; global_colors_info=&#8220;{}&#8220; sticky_enabled=&#8220;0&#8243;][et_pb_slide heading=&#8220;K\u00f6nigslutter-Haus-Design&#8220; button_text=&#8220;Kontakt&#8220; button_link=&#8220;@ET-DC@eyJkeW5hbWljIjp0cnVlLCJjb250ZW50IjoicG9zdF9saW5rX3VybF9wYWdlIiwic2V0dGluZ3MiOnsicG9zdF9pZCI6IjczNSJ9fQ==@&#8220; use_bg_overlay=&#8220;on&#8220; bg_overlay_color=&#8220;rgba(255,255,255,0.43)&#8220; allow_player_pause=&#8220;on&#8220; _builder_version=&#8220;4.27.0&#8243; _dynamic_attributes=&#8220;button_link&#8220; _module_preset=&#8220;default&#8220; header_level=&#8220;h1&#8243; header_font=&#8220;||||||||&#8220; header_text_color=&#8220;#ad4582&#8243; header_font_size=&#8220;68px&#8220; body_text_color=&#8220;#000000&#8243; body_font_size=&#8220;22px&#8220; body_line_height=&#8220;2em&#8220; background_enable_color=&#8220;off&#8220; background_enable_image=&#8220;off&#8220; background_video_mp4=&#8220;https:\/\/www.musterhaus-aktuell.de\/wp-content\/uploads\/2024\/09\/VidKHDcropped.mp4&#8243; background_enable_video_mp4=&#8220;on&#8220; background_enable_video_webm=&#8220;off&#8220; custom_button=&#8220;on&#8220; button_border_color=&#8220;#ad4582&#8243; hover_enabled=&#8220;0&#8243; header_font_size_tablet=&#8220;44px&#8220; header_font_size_phone=&#8220;24px&#8220; header_font_size_last_edited=&#8220;on|phone&#8220; body_font_size_tablet=&#8220;18px&#8220; body_font_size_phone=&#8220;16px&#8220; body_font_size_last_edited=&#8220;on|phone&#8220; background_last_edited=&#8220;on|phone&#8220; background_image_tablet=&#8220;https:\/\/www.musterhaus-aktuell.de\/wp-content\/uploads\/2024\/09\/VideoBack.jpg&#8220; background_enable_image_tablet=&#8220;on&#8220; background_enable_video_mp4_tablet=&#8220;on&#8220; background_enable_video_webm_phone=&#8220;off&#8220; global_colors_info=&#8220;{}&#8220; sticky_transition=&#8220;on&#8220; title_text=&#8220;VidKHDcropped&#8220; sticky_enabled=&#8220;0&#8243; background_video_mp4_tablet=&#8220;https:\/\/www.musterhaus-aktuell.de\/wp-content\/uploads\/2024\/09\/VidKHDcropped.mp4&#8243; background_video_mp4_phone=&#8220;https:\/\/www.musterhaus-aktuell.de\/wp-content\/uploads\/2024\/09\/VidKHDcropped.mp4&#8243; background_enable_video_mp4_phone=&#8220;on&#8220;]<\/p>\n<p>Wir sind ein starkes Planungsb\u00fcro aus K\u00f6nigslutter am Elm, dessen Schwerpunkt auf der Erlangung von Baugenehmigungen f\u00fcr den Neubau von Einfamilienh\u00e4usern bis hin zu Mehrfamilienh\u00e4usern, Sanierung und Energieberatung liegt.<\/p>\n<p>[\/et_pb_slide][\/et_pb_fullwidth_slider][\/et_pb_section][et_pb_section fb_built=&#8220;1&#8243; module_id=&#8220;content&#8220; _builder_version=&#8220;4.25.2&#8243; _module_preset=&#8220;default&#8220; min_height=&#8220;389.7px&#8220; custom_padding=&#8220;26px|||||&#8220; top_divider_color=&#8220;#ad3e82&#8243; top_divider_height=&#8220;39px&#8220; bottom_divider_height=&#8220;37px&#8220; global_colors_info=&#8220;{}&#8220;][et_pb_row column_structure=&#8220;2_3,1_3&#8243; _builder_version=&#8220;4.24.0&#8243; _module_preset=&#8220;default&#8220; global_colors_info=&#8220;{}&#8220;][et_pb_column type=&#8220;2_3&#8243; _builder_version=&#8220;4.24.0&#8243; _module_preset=&#8220;default&#8220; global_colors_info=&#8220;{}&#8220;][et_pb_text _builder_version=&#8220;4.25.0&#8243; _module_preset=&#8220;default&#8220; text_font_size=&#8220;18px&#8220; text_line_height=&#8220;1.6em&#8220; custom_padding=&#8220;|||5px|false|false&#8220; border_color_all=&#8220;#ad4582&#8243; border_width_left=&#8220;5px&#8220; border_color_left=&#8220;#ae498d&#8220; global_colors_info=&#8220;{}&#8220;]<\/p>\n<h2>Impressum<\/h2>\n<p align=\"left\">KHD K\u00f6nigslutter-Haus-Design GmbH<br \/>Scheppauer Weg 13a<br \/>38154 K\u00f6nigslutter<\/p>\n<p align=\"left\">Tel. 0 53 53 &#8211; 91 68 200<br \/>Fax 0 53 53 &#8211; 91 68 205<\/p>\n<p align=\"left\">eMail:<span>\u00a0<\/span><a href=\"mailto:office@fibav.de\">office@khdgmbh.de<\/a><\/p>\n<p align=\"left\"><strong>Gesch\u00e4ftsf\u00fchrer:<\/strong><br \/>Dipl.-Kfm. Sven Hansmeier<\/p>\n<p align=\"left\">Handelsregister B AG Braunschweig Nr.: 100728<br \/>Umsatzsteuer-Identifikationsnummer gem\u00e4\u00df \u00a7 27 a Umsatzsteuergesetz: DE 191463488<\/p>\n<p align=\"left\"><strong>Zust\u00e4ndige Aufsichtsbeh\u00f6rde f\u00fcr die T\u00e4tigkeit nach \u00a7 34c GewO:<\/strong><span>\u00a0<\/span>Industrie- und Handelskammer Braunschweig<br \/>Brabandtstra\u00dfe 11<br \/>38100 Braunschweig<br \/>Tel.: 0531 &#8211; 47 15 0<br \/>Fax.: 0531 &#8211; 47 15 299<br \/><a href=\"mailto:info@braunschweig.ihk.de\">info@braunschweig.ihk.de<\/a><br \/><a href=\"http:\/\/www.braunschweig.ihk.de\/\" target=\"_blank\" rel=\"noopener\">www.braunschweig.ihk.de<\/a><\/p>\n<p align=\"justify\"><strong>Haftungshinweis:<\/strong><br \/>Trotz sorgf\u00e4ltiger inhaltlicher Kontrolle \u00fcbernehmen wir keine Haftung f\u00fcr die Inhalte externer Links. F\u00fcr den Inhalt der verlinkten Seiten sind ausschlie\u00dflich die Betreiber verantwortlich.<\/p>\n<p align=\"left\"><strong>Streitbeilegungsverfahren<\/strong><\/p>\n<p align=\"left\">Die KHD &#8211; K\u00f6nigslutter Haus Design GmbH ist grunds\u00e4tzlich nicht bereit und verpflichtet, an Streitbeilegungsverfahren vor einer Verbraucherschlichtungsstelle im Sinne des Gesetzes \u00fcber die alternative Streitbeilegung in Verbrauchersachen (Verbraucher Streitbeilegungsgesetz &#8211; VSBG) teilzunehmen. In Einzelf\u00e4llen k\u00f6nnen die Parteien sich allerdings darauf verst\u00e4ndigen, ein Streitbeilegungsverfahren vor einer Verbraucherschlichtungsstelle durchzuf\u00fchren. Dabei w\u00fcrden sich die Parteien auf eine konkrete Verbraucherschlichtungsstelle verst\u00e4ndigen wollen. \u00a0<\/p>\n<p>[\/et_pb_text][\/et_pb_column][et_pb_column type=&#8220;1_3&#8243; _builder_version=&#8220;4.24.0&#8243; _module_preset=&#8220;default&#8220; global_colors_info=&#8220;{}&#8220;][et_pb_image src=&#8220;https:\/\/www.musterhaus-aktuell.de\/wp-content\/uploads\/2024\/02\/Flyer-Bild-1.jpg&#8220; title_text=&#8220;Flyer Bild 1&#8243; _builder_version=&#8220;4.25.0&#8243; _module_preset=&#8220;default&#8220; animation_style=&#8220;slide&#8220; box_shadow_style=&#8220;preset4&#8243; box_shadow_color=&#8220;#ad4582&#8243; global_colors_info=&#8220;{}&#8220;][\/et_pb_image][\/et_pb_column][\/et_pb_row][\/et_pb_section]<\/p>\n","protected":false},"excerpt":{"rendered":"<p>Wir sind ein starkes Planungsb\u00fcro aus K\u00f6nigslutter am Elm, dessen Schwerpunkt auf der Erlangung von Baugenehmigungen f\u00fcr den Neubau von Einfamilienh\u00e4usern bis hin zu Mehrfamilienh\u00e4usern, Sanierung und Energieberatung liegt.Impressum KHD K\u00f6nigslutter-Haus-Design GmbHScheppauer Weg 13a38154 K\u00f6nigslutter Tel. 0 53 53 &#8211; 91 68 200Fax 0 53 53 &#8211; 91 68 205 eMail:\u00a0office@khdgmbh.de Gesch\u00e4ftsf\u00fchrer:Dipl.-Kfm. Sven Hansmeier Handelsregister [&hellip;]<\/p>\n","protected":false},"author":1,"featured_media":0,"parent":0,"menu_order":0,"comment_status":"closed","ping_status":"closed","template":"","meta":{"_et_pb_use_builder":"on","_et_pb_old_content":"","_et_gb_content_width":"","footnotes":""},"class_list":["post-605","page","type-page","status-publish","hentry"],"_links":{"self":[{"href":"https:\/\/www.musterhaus-aktuell.de\/index.php?rest_route=\/wp\/v2\/pages\/605"}],"collection":[{"href":"https:\/\/www.musterhaus-aktuell.de\/index.php?rest_route=\/wp\/v2\/pages"}],"about":[{"href":"https:\/\/www.musterhaus-aktuell.de\/index.php?rest_route=\/wp\/v2\/types\/page"}],"author":[{"embeddable":true,"href":"https:\/\/www.musterhaus-aktuell.de\/index.php?rest_route=\/wp\/v2\/users\/1"}],"replies":[{"embeddable":true,"href":"https:\/\/www.musterhaus-aktuell.de\/index.php?rest_route=%2Fwp%2Fv2%2Fcomments&post=605"}],"version-history":[{"count":10,"href":"https:\/\/www.musterhaus-aktuell.de\/index.php?rest_route=\/wp\/v2\/pages\/605\/revisions"}],"predecessor-version":[{"id":1298,"href":"https:\/\/www.musterhaus-aktuell.de\/index.php?rest_route=\/wp\/v2\/pages\/605\/revisions\/1298"}],"wp:attachment":[{"href":"https:\/\/www.musterhaus-aktuell.de\/index.php?rest_route=%2Fwp%2Fv2%2Fmedia&parent=605"}],"curies":[{"name":"wp","href":"https:\/\/api.w.org\/{rel}","templated":true}]}}