{"id":735,"date":"2024-06-18T15:55:31","date_gmt":"2024-06-18T13:55:31","guid":{"rendered":"https:\/\/www.musterhaus-aktuell.de\/?page_id=735"},"modified":"2025-06-03T08:25:03","modified_gmt":"2025-06-03T06:25:03","slug":"kontakt","status":"publish","type":"page","link":"https:\/\/www.musterhaus-aktuell.de\/?page_id=735","title":{"rendered":"Kontakt"},"content":{"rendered":"<p>[et_pb_section fb_built=&#8220;1&#8243; fullwidth=&#8220;on&#8220; _builder_version=&#8220;4.24.3&#8243; _module_preset=&#8220;default&#8220; background_enable_color=&#8220;off&#8220; custom_margin=&#8220;||||false|false&#8220; bottom_divider_style=&#8220;arrow3&#8243; bottom_divider_color=&#8220;#FFFFFF&#8220; bottom_divider_height=&#8220;95px&#8220; global_colors_info=&#8220;{}&#8220;][et_pb_fullwidth_slider show_arrows=&#8220;off&#8220; show_pagination=&#8220;off&#8220; use_bg_overlay=&#8220;off&#8220; use_text_overlay=&#8220;off&#8220; _builder_version=&#8220;4.27.0&#8243; _module_preset=&#8220;default&#8220; header_text_color=&#8220;#ad0876&#8243; body_text_color=&#8220;#ad0876&#8243; body_font_size=&#8220;46px&#8220; body_line_height=&#8220;1.5em&#8220; background_color=&#8220;#FFFFFF&#8220; background_enable_image=&#8220;off&#8220; background_blend=&#8220;lighten&#8220; background_video_mp4=&#8220;https:\/\/www.musterhaus-aktuell.de\/wp-content\/uploads\/2024\/09\/vid.mp4&#8243; background_video_webm=&#8220;https:\/\/www.musterhaus-aktuell.de\/wp-content\/uploads\/2024\/09\/Background-Video-KHD.webm&#8220; custom_button=&#8220;on&#8220; button_text_color=&#8220;#ad0876&#8243; button_font=&#8220;|700|||||||&#8220; min_height=&#8220;388px&#8220; min_height_tablet=&#8220;305px&#8220; min_height_phone=&#8220;293px&#8220; min_height_last_edited=&#8220;on|phone&#8220; height=&#8220;684px&#8220; height_tablet=&#8220;402px&#8220; height_phone=&#8220;460px&#8220; height_last_edited=&#8220;on|phone&#8220; max_height=&#8220;793px&#8220; max_height_tablet=&#8220;648px&#8220; max_height_phone=&#8220;721px&#8220; max_height_last_edited=&#8220;on|tablet&#8220; custom_padding=&#8220;85px||124px||false|false&#8220; animation_style=&#8220;slide&#8220; animation_duration=&#8220;350ms&#8220; auto=&#8220;on&#8220; hover_transition_duration=&#8220;200ms&#8220; header_font_size_tablet=&#8220;&#8220; header_font_size_phone=&#8220;23px&#8220; header_font_size_last_edited=&#8220;on|phone&#8220; body_font_size_tablet=&#8220;46px&#8220; body_font_size_phone=&#8220;7px&#8220; body_font_size_last_edited=&#8220;on|desktop&#8220; background_last_edited=&#8220;on|tablet&#8220; global_module=&#8220;713&#8243; saved_tabs=&#8220;all&#8220; global_colors_info=&#8220;{}&#8220;][et_pb_slide heading=&#8220;K\u00f6nigslutter-Haus-Design&#8220; button_text=&#8220;Kontakt&#8220; button_link=&#8220;@ET-DC@eyJkeW5hbWljIjp0cnVlLCJjb250ZW50IjoicG9zdF9saW5rX3VybF9wYWdlIiwic2V0dGluZ3MiOnsicG9zdF9pZCI6IjczNSJ9fQ==@&#8220; use_bg_overlay=&#8220;on&#8220; bg_overlay_color=&#8220;rgba(255,255,255,0.43)&#8220; _builder_version=&#8220;4.27.0&#8243; _dynamic_attributes=&#8220;button_link&#8220; _module_preset=&#8220;default&#8220; header_level=&#8220;h1&#8243; header_font=&#8220;||||||||&#8220; header_text_color=&#8220;#ad4582&#8243; header_font_size=&#8220;68px&#8220; body_text_color=&#8220;#000000&#8243; body_font_size=&#8220;22px&#8220; body_line_height=&#8220;2em&#8220; background_enable_color=&#8220;off&#8220; background_enable_image=&#8220;off&#8220; background_video_mp4=&#8220;https:\/\/www.musterhaus-aktuell.de\/wp-content\/uploads\/2024\/09\/VidKHDcropped.mp4&#8243; background_enable_video_mp4=&#8220;on&#8220; background_video_webm=&#8220;https:\/\/www.musterhaus-aktuell.de\/wp-content\/uploads\/2024\/09\/Background-Video-KHD.webm&#8220; background_enable_video_webm=&#8220;on&#8220; background_video_pause_outside_viewport=&#8220;off&#8220; custom_button=&#8220;on&#8220; button_border_color=&#8220;#ad4582&#8243; header_font_size_tablet=&#8220;44px&#8220; header_font_size_phone=&#8220;24px&#8220; header_font_size_last_edited=&#8220;on|phone&#8220; body_font_size_tablet=&#8220;18px&#8220; body_font_size_phone=&#8220;16px&#8220; body_font_size_last_edited=&#8220;on|phone&#8220; background_last_edited=&#8220;on|phone&#8220; background_image_tablet=&#8220;https:\/\/www.musterhaus-aktuell.de\/wp-content\/uploads\/2024\/09\/VideoBack.jpg&#8220; background_enable_image_tablet=&#8220;on&#8220; background_enable_image_phone=&#8220;off&#8220; background_video_mp4_tablet=&#8220;https:\/\/www.musterhaus-aktuell.de\/wp-content\/uploads\/2024\/09\/VidKHDcropped.mp4&#8243; background_video_mp4_phone=&#8220;https:\/\/www.musterhaus-aktuell.de\/wp-content\/uploads\/2024\/09\/VidKHDcropped.mp4&#8243; background_enable_video_mp4_tablet=&#8220;on&#8220; background_enable_video_mp4_phone=&#8220;on&#8220; background_enable_video_webm_tablet=&#8220;off&#8220; background_enable_video_webm_phone=&#8220;off&#8220; global_colors_info=&#8220;{}&#8220; sticky_transition=&#8220;on&#8220;]<\/p>\n<p>Wir sind ein starkes Planungsb\u00fcro aus K\u00f6nigslutter am Elm, dessen Schwerpunkt auf der Erlangung von Baugenehmigungen f\u00fcr den Neubau von Einfamilienh\u00e4usern bis hin zu Mehrfamilienh\u00e4usern, Sanierung und Energieberatung liegt.<\/p>\n<p>[\/et_pb_slide][\/et_pb_fullwidth_slider][\/et_pb_section][et_pb_section fb_built=&#8220;1&#8243; _builder_version=&#8220;4.25.2&#8243; _module_preset=&#8220;default&#8220; width=&#8220;100%&#8220; max_width=&#8220;100%&#8220; min_height=&#8220;389.7px&#8220; custom_padding=&#8220;||7px|||&#8220; top_divider_color=&#8220;#ad3e82&#8243; top_divider_height=&#8220;39px&#8220; bottom_divider_color=&#8220;#ad3e82&#8243; bottom_divider_height=&#8220;37px&#8220; global_colors_info=&#8220;{}&#8220;][et_pb_row column_structure=&#8220;3_5,2_5&#8243; _builder_version=&#8220;4.24.0&#8243; _module_preset=&#8220;default&#8220; custom_padding=&#8220;||9px|||&#8220; global_colors_info=&#8220;{}&#8220;][et_pb_column type=&#8220;3_5&#8243; _builder_version=&#8220;4.24.0&#8243; _module_preset=&#8220;default&#8220; global_colors_info=&#8220;{}&#8220;][et_pb_heading title=&#8220;Kontakt&#8220; _builder_version=&#8220;4.25.2&#8243; _module_preset=&#8220;default&#8220; title_level=&#8220;h2&#8243; title_font=&#8220;||||||||&#8220; title_font_size=&#8220;44px&#8220; title_letter_spacing=&#8220;1px&#8220; global_colors_info=&#8220;{}&#8220;][\/et_pb_heading][et_pb_text _builder_version=&#8220;4.27.0&#8243; _module_preset=&#8220;default&#8220; text_text_color=&#8220;#000000&#8243; text_font_size=&#8220;18px&#8220; text_line_height=&#8220;1.6em&#8220; custom_margin=&#8220;||12px|||&#8220; custom_padding=&#8220;|0px|0px|5px|false|false&#8220; border_color_all=&#8220;#ad4582&#8243; border_width_left=&#8220;5px&#8220; border_color_left=&#8220;#ae498d&#8220; global_colors_info=&#8220;{}&#8220;]<\/p>\n<p>Seit \u00fcber 25 Jahren geh\u00f6rt Stefan Gades bereits zu unserem KHD-Team.<\/p>\n<p>Im Jahre 1999 fing alles mit einem einfachen Praktikum an.<\/p>\n<p>Inzwischen bekleidet er, bereits seit mehreren Jahren, als leitender Architekt eine herausgehobene Position, wenn es um die Entwicklung neuer Haustypen und die Planung Wohntr\u00e4umen f\u00fcr unsere Bauherr*innen geht.<\/p>\n<p>Pers\u00f6nlicher Kommentar von Stefan Gades: <span style=\"font-size: 18px;\">\u201eHerausforderungen nehmen wir gemeinsam an und klar ist: wir m\u00fcssen am Ball bleiben, weiter mit der Zeit gehen und gemeinsam eine neue Idee der Zukunft entwickeln. \u2013 Dies packen wir zusammen an!\u201c<\/span><\/p>\n<p>[\/et_pb_text][\/et_pb_column][et_pb_column type=&#8220;2_5&#8243; _builder_version=&#8220;4.24.0&#8243; _module_preset=&#8220;default&#8220; global_colors_info=&#8220;{}&#8220;][et_pb_image src=&#8220;https:\/\/www.musterhaus-aktuell.de\/wp-content\/uploads\/2024\/12\/Team-KHD-181224-12.jpg&#8220; alt=&#8220;Dipl.-Ing. (FH) Stefan Gades leitender Architekt&#8220; title_text=&#8220;Dipl.-Ing. (FH) Stefan Gades leitender Architekt&#8220; align=&#8220;center&#8220; _builder_version=&#8220;4.27.0&#8243; _module_preset=&#8220;default&#8220; width=&#8220;84%&#8220; box_shadow_style=&#8220;preset4&#8243; box_shadow_color=&#8220;#ad4582&#8243; global_colors_info=&#8220;{}&#8220;][\/et_pb_image][et_pb_text _builder_version=&#8220;4.27.0&#8243; _module_preset=&#8220;default&#8220; text_text_color=&#8220;#000000&#8243; text_orientation=&#8220;center&#8220; custom_margin=&#8220;-17px|||||&#8220; global_colors_info=&#8220;{}&#8220;]<\/p>\n<p>Dipl.-Ing. (FH) Stefan Gades<br \/><em>leitender Architekt<\/em><\/p>\n<p>[\/et_pb_text][\/et_pb_column][\/et_pb_row][et_pb_row _builder_version=&#8220;4.27.0&#8243; _module_preset=&#8220;default&#8220; custom_padding=&#8220;18px|||||&#8220; global_colors_info=&#8220;{}&#8220;][et_pb_column type=&#8220;4_4&#8243; _builder_version=&#8220;4.27.0&#8243; _module_preset=&#8220;default&#8220; global_colors_info=&#8220;{}&#8220;][dsm_typing_effect typing_effect=&#8220;Was k\u00f6nnen wir f\u00fcr Sie tun?&#8220; after_new_line=&#8220;off&#8220; typing_loop=&#8220;off&#8220; typing_remove_cursor=&#8220;on&#8220; typing_speed=&#8220;25ms&#8220; typing_viewport_repeat=&#8220;off&#8220; typing_cursor_color=&#8220;#FFFFFF&#8220; _builder_version=&#8220;4.25.2&#8243; _module_preset=&#8220;default&#8220; header_level=&#8220;h2&#8243; custom_margin=&#8220;||-9px|||&#8220; custom_padding_tablet=&#8220;|||30%|false|false&#8220; custom_padding_phone=&#8220;|||10%|false|false&#8220; custom_padding_last_edited=&#8220;on|tablet&#8220; global_colors_info=&#8220;{}&#8220;][\/dsm_typing_effect][\/et_pb_column][\/et_pb_row][et_pb_row column_structure=&#8220;1_3,1_3,1_3&#8243; _builder_version=&#8220;4.27.0&#8243; _module_preset=&#8220;default&#8220; global_colors_info=&#8220;{}&#8220; global_module=&#8220;1458&#8243; theme_builder_area=&#8220;post_content&#8220;][et_pb_column type=&#8220;1_3&#8243; _builder_version=&#8220;4.27.0&#8243; _module_preset=&#8220;default&#8220; global_colors_info=&#8220;{}&#8220; theme_builder_area=&#8220;post_content&#8220;][ba_icon_box icon=&#8220;&#xf3c5;||fa||900&#8243; title=&#8220;Adresse&#8220; description=&#8220;<br \/>\n&#8220; icon_color=&#8220;#ad4582&#8243; _builder_version=&#8220;4.25.2&#8243; _module_preset=&#8220;default&#8220; title_text_color=&#8220;#000000&#8243; custom_padding=&#8220;5px||0px|4px|false|false&#8220; border_width_all_box=&#8220;0px&#8220; global_colors_info=&#8220;{}&#8220; theme_builder_area=&#8220;post_content&#8220;][\/ba_icon_box][et_pb_text content_tablet=&#8220;<span><span style=%22color: #ad4582!important%22><strong>KHD<\/strong><\/span> &#8211; K\u00f6nigslutter-Haus-Design GmbH<\/span><br \/>\n<span>Scheppauer Weg 13a<\/span><br \/>\n<span>38154 K\u00f6nigslutter am Elm<\/span>&#8220; content_phone=&#8220;<\/p>\n<p style=%22text-align: center;%22><span><span style=%22color: #ad4582;%22><strong>KHD<\/strong><\/span> &#8211; K\u00f6nigslutter-Haus-Design GmbH<\/span><br \/>\n<span>Scheppauer Weg 13a<\/span><br \/>\n<span>38154 K\u00f6nigslutter am Elm<\/span><\/p>\n<p>&#8220; content_last_edited=&#8220;on|phone&#8220; _builder_version=&#8220;4.25.2&#8243; _module_preset=&#8220;default&#8220; text_text_color=&#8220;#000000&#8243; text_font_size=&#8220;16px&#8220; text_orientation=&#8220;center&#8220; module_alignment=&#8220;center&#8220; custom_margin=&#8220;-24px|||||&#8220; text_font_size_tablet=&#8220;16px&#8220; text_font_size_phone=&#8220;16px&#8220; text_font_size_last_edited=&#8220;on|tablet&#8220; global_colors_info=&#8220;{}&#8220; theme_builder_area=&#8220;post_content&#8220;]<\/p>\n<p><span><span style=\"color: #ad4582;\"><strong>KHD<\/strong><\/span> &#8211; K\u00f6nigslutter-Haus-Design GmbH<\/span><br \/><span>Scheppauer Weg 13a<\/span><br \/><span>38154 K\u00f6nigslutter am Elm<\/span><\/p>\n<p>[\/et_pb_text][\/et_pb_column][et_pb_column type=&#8220;1_3&#8243; _builder_version=&#8220;4.27.0&#8243; _module_preset=&#8220;default&#8220; global_colors_info=&#8220;{}&#8220; theme_builder_area=&#8220;post_content&#8220;][ba_icon_box icon=&#8220;&#xf095;||fa||900&#8243; title=&#8220;Telefonnummern&#8220; description=&#8220;<br \/>\n&#8220; icon_color=&#8220;#ad4582&#8243; _builder_version=&#8220;4.27.0&#8243; _module_preset=&#8220;default&#8220; title_text_color=&#8220;#000000&#8243; custom_padding=&#8220;5px||0px|4px|false|false&#8220; border_width_all_box=&#8220;0px&#8220; global_colors_info=&#8220;{}&#8220; theme_builder_area=&#8220;post_content&#8220;][\/ba_icon_box][et_pb_code module_class=&#8220;custom-code-element&#8220; _builder_version=&#8220;4.27.0&#8243; _module_preset=&#8220;default&#8220; text_orientation=&#8220;center&#8220; module_alignment=&#8220;center&#8220; custom_margin=&#8220;-24px||||false|false&#8220; custom_padding=&#8220;||||false|false&#8220; custom_css_free_form=&#8220;.custom-code-element {||    display: flex;||    justify-content: center;||}&#8220; global_colors_info=&#8220;{}&#8220; theme_builder_area=&#8220;post_content&#8220;]<\/p>\n<style><!-- [et_pb_line_break_holder] -->  .abteilungen-telefonnummern {<!-- [et_pb_line_break_holder] -->    font-size: 16px; \/* Schriftgr\u00f6\u00dfe auf 19px gesetzt *\/<!-- [et_pb_line_break_holder] -->    line-height: 1.0; \/* Zeilenh\u00f6he auf 1.0 gesetzt *\/<!-- [et_pb_line_break_holder] -->    color: black;<!-- [et_pb_line_break_holder] -->  }<!-- [et_pb_line_break_holder] -->  .abteilungen-telefonnummern .zeile {<!-- [et_pb_line_break_holder] -->    display: flex;<!-- [et_pb_line_break_holder] -->    justify-content: flex-start;<!-- [et_pb_line_break_holder] -->    margin-bottom: 5px; \/* margin-bottom auf 5px gesetzt *\/<!-- [et_pb_line_break_holder] -->  }<!-- [et_pb_line_break_holder] -->  .abteilungen-telefonnummern .abteilung {<!-- [et_pb_line_break_holder] -->    min-width: 95px; \/* Anpassbar je nach Bedarf *\/<!-- [et_pb_line_break_holder] -->    margin-right: 5px;<!-- [et_pb_line_break_holder] -->    text-align: left;<!-- [et_pb_line_break_holder] -->    white-space: nowrap;<!-- [et_pb_line_break_holder] -->  }<!-- [et_pb_line_break_holder] -->  .abteilungen-telefonnummern .telefonnummer {<!-- [et_pb_line_break_holder] -->    text-align: left;<!-- [et_pb_line_break_holder] -->  }<!-- [et_pb_line_break_holder] --><\/style>\n<p><!-- [et_pb_line_break_holder] --><!-- [et_pb_line_break_holder] --><\/p>\n<div class=\"abteilungen-telefonnummern\"><!-- [et_pb_line_break_holder] -->  <\/p>\n<div class=\"zeile\"><!-- [et_pb_line_break_holder] -->    <span class=\"abteilung\">Sekretariat:<\/span><!-- [et_pb_line_break_holder] -->    <span class=\"telefonnummer\">0 53 53 \u2013 91 68\u2013200<\/span><!-- [et_pb_line_break_holder] -->  <\/div>\n<p><!-- [et_pb_line_break_holder] -->  <\/p>\n<div class=\"zeile\"><!-- [et_pb_line_break_holder] -->    <span class=\"abteilung\">Architekten:<\/span><!-- [et_pb_line_break_holder] -->    <span class=\"telefonnummer\">0 53 53 \u2013 91 68\u2013211<\/span><!-- [et_pb_line_break_holder] -->  <\/div>\n<p><!-- [et_pb_line_break_holder] -->  <\/p>\n<div class=\"zeile\"><!-- [et_pb_line_break_holder] -->    <span class=\"abteilung\">Bauplanung:<\/span><!-- [et_pb_line_break_holder] -->    <span class=\"telefonnummer\">0 53 53 \u2013 91 68\u2013220<\/span><!-- [et_pb_line_break_holder] -->  <\/div>\n<p><!-- [et_pb_line_break_holder] -->  <\/p>\n<div class=\"zeile\"><!-- [et_pb_line_break_holder] -->    <span class=\"abteilung\">Ingenieure:<\/span><!-- [et_pb_line_break_holder] -->    <span class=\"telefonnummer\">0 53 53 \u2013 91 68\u2013250<\/span><!-- [et_pb_line_break_holder] -->  <\/div>\n<p><!-- [et_pb_line_break_holder] --><\/div>\n<p><!-- [et_pb_line_break_holder] -->[\/et_pb_code][\/et_pb_column][et_pb_column type=&#8220;1_3&#8243; _builder_version=&#8220;4.27.0&#8243; _module_preset=&#8220;default&#8220; global_colors_info=&#8220;{}&#8220; theme_builder_area=&#8220;post_content&#8220;][ba_icon_box icon=&#8220;&#xe076;||divi||400&#8243; title=&#8220;E-Mail&#8220; description=&#8220;<br \/>\n&#8220; icon_color=&#8220;#ad4582&#8243; _builder_version=&#8220;4.27.0&#8243; _module_preset=&#8220;default&#8220; title_text_color=&#8220;#000000&#8243; custom_padding=&#8220;5px||0px|4px|false|false&#8220; border_width_all_box=&#8220;0px&#8220; global_colors_info=&#8220;{}&#8220; theme_builder_area=&#8220;post_content&#8220;][\/ba_icon_box][et_pb_text content_tablet=&#8220;<\/p>\n<p><span>office@khdgmbh.de<br \/>meinbauantrag@khdgmbh.de<\/span><\/p>\n<p>&#8220; content_phone=&#8220;<\/p>\n<p style=%22text-align: center;%22>office@khdgmbh.de<br \/>meinbauantrag@khdgmbh.de<\/p>\n<p>&#8220; content_last_edited=&#8220;on|phone&#8220; _builder_version=&#8220;4.27.0&#8243; _module_preset=&#8220;default&#8220; text_text_color=&#8220;#000000&#8243; text_font_size=&#8220;16px&#8220; text_orientation=&#8220;center&#8220; custom_margin=&#8220;-24px|||||&#8220; custom_padding=&#8220;||0px|||&#8220; text_font_size_tablet=&#8220;16px&#8220; text_font_size_phone=&#8220;16px&#8220; text_font_size_last_edited=&#8220;on|tablet&#8220; global_colors_info=&#8220;{}&#8220; theme_builder_area=&#8220;post_content&#8220;]<\/p>\n<p>office@khdgmbh.de<\/p>\n<p>[\/et_pb_text][\/et_pb_column][\/et_pb_row][\/et_pb_section][et_pb_section fb_built=&#8220;1&#8243; _builder_version=&#8220;4.25.2&#8243; _module_preset=&#8220;default&#8220; width=&#8220;100%&#8220; max_width=&#8220;100%&#8220; min_height=&#8220;389.7px&#8220; custom_padding=&#8220;10px|||||&#8220; top_divider_color=&#8220;#ad3e82&#8243; top_divider_height=&#8220;39px&#8220; bottom_divider_color=&#8220;#ad3e82&#8243; bottom_divider_height=&#8220;37px&#8220; global_colors_info=&#8220;{}&#8220;][et_pb_row _builder_version=&#8220;4.27.0&#8243; _module_preset=&#8220;default&#8220; global_colors_info=&#8220;{}&#8220;][et_pb_column type=&#8220;4_4&#8243; _builder_version=&#8220;4.27.0&#8243; _module_preset=&#8220;default&#8220; global_colors_info=&#8220;{}&#8220;][et_pb_text _builder_version=&#8220;4.27.0&#8243; _module_preset=&#8220;default&#8220; text_orientation=&#8220;center&#8220; global_colors_info=&#8220;{}&#8220;]<\/p>\n<p><span><div class=\"_df_book df-lite\" id=\"df_845\"  _slug=\"flyer\" data-title=\"flyer\" wpoptions=\"true\" thumbtype=\"\" ><\/div><script class=\"df-shortcode-script\" nowprocket type=\"application\/javascript\">window.option_df_845 = {\"outline\":[],\"backgroundColor\":\"white\",\"autoEnableOutline\":\"false\",\"autoEnableThumbnail\":\"false\",\"overwritePDFOutline\":\"false\",\"direction\":\"1\",\"pageSize\":\"0\",\"source\":\"https:\\\/\\\/www.musterhaus-aktuell.de\\\/wp-content\\\/uploads\\\/2024\\\/10\\\/Flyer-KHD-oht.pdf\",\"wpOptions\":\"true\"}; if(window.DFLIP && window.DFLIP.parseBooks){window.DFLIP.parseBooks();}<\/script><\/span><\/p>\n<p>[\/et_pb_text][et_pb_button button_url=&#8220;https:\/\/www.musterhaus-aktuell.de\/wp-content\/uploads\/2024\/10\/Flyer-KHD-oht.pdf&#8220; button_text=&#8220;Flyer als PDF&#8220; button_alignment=&#8220;center&#8220; _builder_version=&#8220;4.27.0&#8243; _module_preset=&#8220;default&#8220; custom_button=&#8220;on&#8220; button_text_color=&#8220;#ad4582&#8243; button_font=&#8220;|700|||||||&#8220; global_colors_info=&#8220;{}&#8220;][\/et_pb_button][\/et_pb_column][\/et_pb_row][\/et_pb_section]<\/p>\n","protected":false},"excerpt":{"rendered":"<p>Wir sind ein starkes Planungsb\u00fcro aus K\u00f6nigslutter am Elm, dessen Schwerpunkt auf der Erlangung von Baugenehmigungen f\u00fcr den Neubau von Einfamilienh\u00e4usern bis hin zu Mehrfamilienh\u00e4usern, Sanierung und Energieberatung liegt.Seit \u00fcber 25 Jahren geh\u00f6rt Stefan Gades bereits zu unserem KHD-Team. Im Jahre 1999 fing alles mit einem einfachen Praktikum an. Inzwischen bekleidet er, bereits seit mehreren [&hellip;]<\/p>\n","protected":false},"author":1,"featured_media":0,"parent":0,"menu_order":0,"comment_status":"closed","ping_status":"closed","template":"","meta":{"_et_pb_use_builder":"on","_et_pb_old_content":"","_et_gb_content_width":"","footnotes":""},"class_list":["post-735","page","type-page","status-publish","hentry"],"_links":{"self":[{"href":"https:\/\/www.musterhaus-aktuell.de\/index.php?rest_route=\/wp\/v2\/pages\/735"}],"collection":[{"href":"https:\/\/www.musterhaus-aktuell.de\/index.php?rest_route=\/wp\/v2\/pages"}],"about":[{"href":"https:\/\/www.musterhaus-aktuell.de\/index.php?rest_route=\/wp\/v2\/types\/page"}],"author":[{"embeddable":true,"href":"https:\/\/www.musterhaus-aktuell.de\/index.php?rest_route=\/wp\/v2\/users\/1"}],"replies":[{"embeddable":true,"href":"https:\/\/www.musterhaus-aktuell.de\/index.php?rest_route=%2Fwp%2Fv2%2Fcomments&post=735"}],"version-history":[{"count":19,"href":"https:\/\/www.musterhaus-aktuell.de\/index.php?rest_route=\/wp\/v2\/pages\/735\/revisions"}],"predecessor-version":[{"id":1461,"href":"https:\/\/www.musterhaus-aktuell.de\/index.php?rest_route=\/wp\/v2\/pages\/735\/revisions\/1461"}],"wp:attachment":[{"href":"https:\/\/www.musterhaus-aktuell.de\/index.php?rest_route=%2Fwp%2Fv2%2Fmedia&parent=735"}],"curies":[{"name":"wp","href":"https:\/\/api.w.org\/{rel}","templated":true}]}}